{"id":292,"date":"2018-04-26T08:52:45","date_gmt":"2018-04-26T06:52:45","guid":{"rendered":"http:\/\/caravanserai.shop\/?page_id=292"},"modified":"2020-08-24T23:02:31","modified_gmt":"2020-08-24T21:02:31","slug":"about-us","status":"publish","type":"page","link":"https:\/\/caravanserai.shop\/hr\/o-nama\/","title":{"rendered":"O nama"},"content":{"rendered":"<div class=\"vc_row wpb_row vc_row-fluid\"><div class=\"wpb_column vc_column_container vc_col-sm-12\"><div class=\"vc_column-inner\"><div class=\"wpb_wrapper\">\n\t<div class=\"wpb_text_column wpb_content_element\" >\n\t\t<div class=\"wpb_wrapper\">\n\t\t\t<p class=\"translation-block\"><strong>Caravanserai je osnovan<\/strong> 27. o\u017eujka 2013., kao dodatna djelatnost na\u0161oj putni\u010dkoj agenciji Perzepolis. Putuju\u0107i po raznim destinacijama, bili smo inspirirani radovima nadarenih lokalnih umjetnika i zanatlija na koje smo nailazili, \u010dija su djela na jedinstven na\u010din odra\u017eavala njihove estetske stilove i umjetni\u010dki identitet.<\/p>\n<p>Htjeli smo s vama podijeliti osobna iskustva o njihovoj naslije\u0111enoj kulturi i lokalnom zanatstvu koje se odr\u017ealo do dana dana\u0161njeg. Caravanserai je u po\u010detku nastao kako bi pomogao lokalnim iranskim umjetnicima i zanatlijama da njihova djela dosegnu globalnu online publiku.<\/p>\n<p class=\"translation-block\"><strong>Trenutno<\/strong>, Caravanserai izla\u017ee radove 11 umjetnika i proizvo\u0111a\u010da. Na na\u0161im stranicama mo\u017eete vidjeti i kupiti umjetni\u010dka djela koja imaju svoj identitet i podrijetlo, prate\u0107i pojedina\u010dne pri\u010de svojih majstora.<\/p>\n<p class=\"translation-block\"><strong>Na\u0161 je cilj<\/strong> njegovati i pro\u0161iriti internetsku zajednicu stvaranjem odgovaraju\u0107ih veza s lokalnim umjetnicima iz cijelog svijeta, koji \u017eele pro\u0161iriti svoje domete i \u010dija djela zaslu\u017euju ekskluzivnu pozornicu. Caravanserai ima za cilj postati me\u0111unarodna izlo\u017eba umjetnina i rukotvorina koje mo\u017eete kupiti naru\u010duju\u0107i ih iz svog doma.<\/p>\n<p class=\"translation-block\"><strong>Na\u0161a radna etika<\/strong> temelji se na na\u010delima fer trgovine. Na\u0161 je cilj ponuditi kvalitetne proizvode po povoljnim cijenama. Ne cjenkamo se s na\u0161im umjetnicima jer je umjetni\u010dka djela te\u0161ko vrednovati. Pri odre\u0111ivanju njihove strategije cijena mi ih samo savjetujemo i usmjeravamo, kako bi bili fer i pristupa\u010dni na\u0161oj prosje\u010dnoj korisni\u010dkoj bazi.<\/p>\n<p class=\"translation-block\"><strong>Ne vodimo se diskriminacijom<\/strong> pri izboru umjetnika ili zanatlije te ne odabiremo na temelju spola, religije, etni\u010dke pripadnosti ili bilo kojeg drugog kriterija osim individualnosti njihovih radova. Ne radimo s onima koji imaju veze s prisilnim ili nepravednim radom.<\/p>\n<h2>\u0160to nudimo<\/h2>\n<p>Tra\u017eite li originalan poklon ili ne\u0161to \u0161to \u0107e unijeti osje\u0107aj Orijenta u va\u0161 dom? Na na\u0161em webshopu mo\u017eete prona\u0107i brojne unikatne suvenire koji vam dolaze izravno iz majstorskih radionica s Puta svile. Mo\u017eete odabrati rukotvorine razli\u010ditih boja, veli\u010dina i uzoraka. Na\u0161 glavni cilj je zadovoljiti na\u0161e vjerne kupce i pru\u017eiti im najbolju kvalitetu i upravo onakve rukotvorine kakve tra\u017ee.<\/p>\n<p>Naziv Caravanserai ima nekoliko zna\u010denja kao \u0161to su:  gostionica, odmarali\u0161te ili mjesto na kojem se sklapaju poslovi.<\/p>\n<h2>Podaci o tvrtki<\/h2>\n<p>PERZEPOLIS d.o.o.<\/p>\n<p>Tvrtka je upisana u Sudski registar pri Trgova\u010dkom sudu u Zagrebu pod brojem 07\/9491.<\/p>\n<p>Temeljni kapital u iznosu od 20.000 kn upla\u0107en je u cijelosti.<\/p>\n<p>\u010clan uprave tvrtke je Mohammad Reza Fateh Barfjani.<\/p>\n<p>Broj ra\u010duna: HR2424840081104324353 kod Raiffeisen banke ili HR7623400091110403936 kod PBZ-a<\/p>\n<p>OIB: 96519977375<\/p>\n\n\t\t<\/div>\n\t<\/div>\n<\/div><\/div><\/div><\/div>\n<span class=\"et_bloom_bottom_trigger\"><\/span>","protected":false},"excerpt":{"rendered":"Caravanserai was established on March 27th, 2013, as an additional unit to our traveling agency Perzepolis. Throughout our various trips,\u2026","protected":false},"author":1,"featured_media":0,"parent":0,"menu_order":0,"comment_status":"closed","ping_status":"closed","template":"","meta":[],"yoast_head":"<!-- This site is optimized with the Yoast SEO plugin v19.6.1 - https:\/\/yoast.com\/wordpress\/plugins\/seo\/ -->\n<title>About us - Caravanserai | Art &amp; Handicrafts from all along the Silk Road<\/title>\n<meta name=\"description\" content=\"Caravanserai was established on March 27th, 2013, as an additional unit to our traveling agency Perzepolis.\" \/>\n<meta name=\"robots\" content=\"index, follow, max-snippet:-1, max-image-preview:large, max-video-preview:-1\" \/>\n<link rel=\"canonical\" href=\"https:\/\/caravanserai.shop\/hr\/o-nama\/\" \/>\n<meta property=\"og:locale\" content=\"hr_HR\" \/>\n<meta property=\"og:type\" content=\"article\" \/>\n<meta property=\"og:title\" content=\"About us - Caravanserai | Art &amp; Handicrafts from all along the Silk Road\" \/>\n<meta property=\"og:description\" content=\"Caravanserai was established on March 27th, 2013, as an additional unit to our traveling agency Perzepolis.\" \/>\n<meta property=\"og:url\" content=\"https:\/\/caravanserai.shop\/hr\/o-nama\/\" \/>\n<meta property=\"og:site_name\" content=\"Caravanserai\" \/>\n<meta property=\"article:publisher\" content=\"https:\/\/web.facebook.com\/Caravanserai.shop\/?ref=br_rs\" \/>\n<meta property=\"article:modified_time\" content=\"2020-08-24T21:02:31+00:00\" \/>\n<meta name=\"twitter:card\" content=\"summary_large_image\" \/>\n<meta name=\"twitter:label1\" content=\"Procijenjeno vrijeme \u010ditanja\" \/>\n\t<meta name=\"twitter:data1\" content=\"2 minute\" \/>\n<script type=\"application\/ld+json\" class=\"yoast-schema-graph\">{\"@context\":\"https:\/\/schema.org\",\"@graph\":[{\"@type\":[\"WebPage\",\"AboutPage\"],\"@id\":\"https:\/\/caravanserai.shop\/hr\/o-nama\/\",\"url\":\"https:\/\/caravanserai.shop\/hr\/o-nama\/\",\"name\":\"About us - Caravanserai | Art & Handicrafts from all along the Silk Road\",\"isPartOf\":{\"@id\":\"http:\/\/caravanserai.shop\/hr\/#website\"},\"datePublished\":\"2018-04-26T06:52:45+00:00\",\"dateModified\":\"2020-08-24T21:02:31+00:00\",\"description\":\"Caravanserai was established on March 27th, 2013, as an additional unit to our traveling agency Perzepolis.\",\"breadcrumb\":{\"@id\":\"https:\/\/caravanserai.shop\/hr\/o-nama\/#breadcrumb\"},\"inLanguage\":\"hr\",\"potentialAction\":[{\"@type\":\"ReadAction\",\"target\":[\"https:\/\/caravanserai.shop\/hr\/o-nama\/\"]}]},{\"@type\":\"BreadcrumbList\",\"@id\":\"https:\/\/caravanserai.shop\/hr\/o-nama\/#breadcrumb\",\"itemListElement\":[{\"@type\":\"ListItem\",\"position\":1,\"name\":\"Home\",\"item\":\"http:\/\/caravanserai.shop\/hr\/\"},{\"@type\":\"ListItem\",\"position\":2,\"name\":\"About us\"}]},{\"@type\":\"WebSite\",\"@id\":\"http:\/\/caravanserai.shop\/hr\/#website\",\"url\":\"http:\/\/caravanserai.shop\/hr\/\",\"name\":\"Caravanserai\",\"description\":\"Art &amp; Handicrafts from all along the Silk Road\",\"publisher\":{\"@id\":\"http:\/\/caravanserai.shop\/hr\/#organization\"},\"potentialAction\":[{\"@type\":\"SearchAction\",\"target\":{\"@type\":\"EntryPoint\",\"urlTemplate\":\"http:\/\/caravanserai.shop\/hr\/?s={search_term_string}\"},\"query-input\":\"required name=search_term_string\"}],\"inLanguage\":\"hr\"},{\"@type\":\"Organization\",\"@id\":\"http:\/\/caravanserai.shop\/hr\/#organization\",\"name\":\"Caravanserai\",\"url\":\"http:\/\/caravanserai.shop\/hr\/\",\"sameAs\":[\"https:\/\/www.instagram.com\/caravanserai.shop\/?igshid=12xu3sm4ge7ux\",\"https:\/\/web.facebook.com\/Caravanserai.shop\/?ref=br_rs\"],\"logo\":{\"@type\":\"ImageObject\",\"inLanguage\":\"hr\",\"@id\":\"http:\/\/caravanserai.shop\/hr\/#\/schema\/logo\/image\/\",\"url\":\"https:\/\/caravanserai.shop\/wp-content\/uploads\/2020\/07\/favicon.png\",\"contentUrl\":\"https:\/\/caravanserai.shop\/wp-content\/uploads\/2020\/07\/favicon.png\",\"width\":196,\"height\":196,\"caption\":\"Caravanserai\"},\"image\":{\"@id\":\"http:\/\/caravanserai.shop\/hr\/#\/schema\/logo\/image\/\"}}]}<\/script>\n<!-- \/ Yoast SEO plugin. -->","yoast_head_json":{"title":"About us - Caravanserai | Art & Handicrafts from all along the Silk Road","description":"Caravanserai je osnovan 27. o\u017eujka 2013., kao dodatna djelatnost na\u0161oj putni\u010dkoj agenciji Perzepolis","robots":{"index":"index","follow":"follow","max-snippet":"max-snippet:-1","max-image-preview":"max-image-preview:large","max-video-preview":"max-video-preview:-1"},"canonical":"https:\/\/caravanserai.shop\/hr\/o-nama\/","og_locale":"hr_HR","og_type":"article","og_title":"About us - Caravanserai | Art & Handicrafts from all along the Silk Road","og_description":"Caravanserai was established on March 27th, 2013, as an additional unit to our traveling agency Perzepolis.","og_url":"https:\/\/caravanserai.shop\/hr\/o-nama\/","og_site_name":"Caravanserai","article_publisher":"https:\/\/web.facebook.com\/Caravanserai.shop\/?ref=br_rs","article_modified_time":"2020-08-24T21:02:31+00:00","twitter_card":"summary_large_image","twitter_misc":{"Procijenjeno vrijeme \u010ditanja":"2 minute"},"schema":{"@context":"https:\/\/schema.org","@graph":[{"@type":["WebPage","AboutPage"],"@id":"https:\/\/caravanserai.shop\/hr\/o-nama\/","url":"https:\/\/caravanserai.shop\/hr\/o-nama\/","name":"About us - Caravanserai | Art & Handicrafts from all along the Silk Road","isPartOf":{"@id":"http:\/\/caravanserai.shop\/hr\/#website"},"datePublished":"2018-04-26T06:52:45+00:00","dateModified":"2020-08-24T21:02:31+00:00","description":"Caravanserai je osnovan 27. o\u017eujka 2013., kao dodatna djelatnost na\u0161oj putni\u010dkoj agenciji Perzepolis","breadcrumb":{"@id":"https:\/\/caravanserai.shop\/hr\/o-nama\/#breadcrumb"},"inLanguage":"hr","potentialAction":[{"@type":"ReadAction","target":["https:\/\/caravanserai.shop\/hr\/o-nama\/"]}]},{"@type":"BreadcrumbList","@id":"https:\/\/caravanserai.shop\/hr\/o-nama\/#breadcrumb","itemListElement":[{"@type":"ListItem","position":1,"name":"Home","item":"http:\/\/caravanserai.shop\/hr\/"},{"@type":"ListItem","position":2,"name":"About us"}]},{"@type":"WebSite","@id":"http:\/\/caravanserai.shop\/hr\/#website","url":"http:\/\/caravanserai.shop\/hr\/","name":"Caravanserai","description":"Art &amp; Handicrafts from all along the Silk Road","publisher":{"@id":"http:\/\/caravanserai.shop\/hr\/#organization"},"potentialAction":[{"@type":"SearchAction","target":{"@type":"EntryPoint","urlTemplate":"http:\/\/caravanserai.shop\/hr\/?s={search_term_string}"},"query-input":"required name=search_term_string"}],"inLanguage":"hr"},{"@type":"Organization","@id":"http:\/\/caravanserai.shop\/hr\/#organization","name":"Caravanserai","url":"http:\/\/caravanserai.shop\/hr\/","sameAs":["https:\/\/www.instagram.com\/caravanserai.shop\/?igshid=12xu3sm4ge7ux","https:\/\/web.facebook.com\/Caravanserai.shop\/?ref=br_rs"],"logo":{"@type":"ImageObject","inLanguage":"hr","@id":"http:\/\/caravanserai.shop\/hr\/#\/schema\/logo\/image\/","url":"https:\/\/caravanserai.shop\/wp-content\/uploads\/2020\/07\/favicon.png","contentUrl":"https:\/\/caravanserai.shop\/wp-content\/uploads\/2020\/07\/favicon.png","width":196,"height":196,"caption":"Caravanserai"},"image":{"@id":"http:\/\/caravanserai.shop\/hr\/#\/schema\/logo\/image\/"}}]}},"_links":{"self":[{"href":"https:\/\/caravanserai.shop\/hr\/wp-json\/wp\/v2\/pages\/292"}],"collection":[{"href":"https:\/\/caravanserai.shop\/hr\/wp-json\/wp\/v2\/pages"}],"about":[{"href":"https:\/\/caravanserai.shop\/hr\/wp-json\/wp\/v2\/types\/page"}],"author":[{"embeddable":true,"href":"https:\/\/caravanserai.shop\/hr\/wp-json\/wp\/v2\/users\/1"}],"replies":[{"embeddable":true,"href":"https:\/\/caravanserai.shop\/hr\/wp-json\/wp\/v2\/comments?post=292"}],"version-history":[{"count":8,"href":"https:\/\/caravanserai.shop\/hr\/wp-json\/wp\/v2\/pages\/292\/revisions"}],"predecessor-version":[{"id":10872,"href":"https:\/\/caravanserai.shop\/hr\/wp-json\/wp\/v2\/pages\/292\/revisions\/10872"}],"wp:attachment":[{"href":"https:\/\/caravanserai.shop\/hr\/wp-json\/wp\/v2\/media?parent=292"}],"curies":[{"name":"wp","href":"https:\/\/api.w.org\/{rel}","templated":true}]}}